{"id":12,"date":"2018-10-30T05:40:51","date_gmt":"2018-10-30T05:40:51","guid":{"rendered":"http:\/\/59575142.swh.strato-hosting.eu\/?page_id=12"},"modified":"2025-08-19T09:41:14","modified_gmt":"2025-08-19T09:41:14","slug":"groene-energie","status":"publish","type":"page","link":"https:\/\/www.morgengroeneenergie.nl\/index.php\/groene-energie\/","title":{"rendered":"Groene energie"},"content":{"rendered":"<div class=\"wpb-content-wrapper\"><p>[vc_row][vc_column][webdevia_empty_spaces_empty_spaces height_desktop=&#8221;50&#8243; height_mobile=&#8221;10&#8243; height_tablet=&#8221;20&#8243;][\/vc_column][\/vc_row][vc_row][vc_column width=&#8221;1\/6&#8243;][\/vc_column][vc_column width=&#8221;2\/3&#8243;][vc_column_text]<\/p>\n<h5 style=\"text-align: center;\"><span style=\"color: #003366;\">Zonnestroom opwekken op een collectief dak in de eigen buurt en nieuwe projecten ontwikkelen voor alternatieve, duurzame energie. Kijk hier wat Morgen Groene Energie\u00a0 onderneemt en waar je aan mee kunt doen.<\/span><\/h5>\n<p>[\/vc_column_text][\/vc_column][vc_column width=&#8221;1\/6&#8243;][\/vc_column][\/vc_row][vc_row][vc_column][webdevia_empty_spaces_empty_spaces height_desktop=&#8221;50&#8243; height_mobile=&#8221;10&#8243; height_tablet=&#8221;20&#8243;][\/vc_column][\/vc_row][vc_row][vc_column width=&#8221;1\/2&#8243;][vc_single_image image=&#8221;1638&#8243; img_size=&#8221;full&#8221; css_animation=&#8221;bounceInDown&#8221;][\/vc_column][vc_column width=&#8221;1\/2&#8243;][vc_column_text css=&#8221;&#8221;]<\/p>\n<h4><span style=\"color: #ff9900;\"><strong>Voordeel van groene leveranciers<\/strong><\/span><\/h4>\n<h5><u><\/u><span style=\"color: #ff9900;\">Samen voordeel<\/span><\/h5>\n<p>Wie lid is van onze co\u00f6peratie \u00e9n klant bij Greenchoice, Engie of OM, bezorgt zichzelf en de co\u00f6peratie voordeel. De co\u00f6peratie ontvangt jaarlijks ongeveer \u20ac20 voor elk nieuw lid dat stroom afneemt van o.a. Greenchoice en ongeveer \u20ac20 als ook gas wordt afgenomen. Deze zogeheten margevergoeding zetten we in voor investering in\u00a0 duurzame energieprojecten. Als lid heb je voorrang bij deelname aan deze projecten.<\/p>\n<h5><u><\/u><span style=\"color: #ff9900;\">Jouw voordeel<\/span><\/h5>\n<p>Als je thuisleverancier <strong>Greenchoice<\/strong> is en je bent lid van onze co\u00f6peratie, ontving je eerder ook een persoonlijk financieel voordeel bij het\u00a0 afsluiten van een nieuw contract. Greenchoice heroverweegt op dit moment haar beleid. Daarom is haar pagina via de oranje button hieronder BUITEN GEBRUIK. Zodra meer bekend is, passen we deze tekst weer aan.<\/p>\n<p>Wil je lid worden van Morgen Groene Energie ga dan naar &#8220;Lid worden&#8221; op deze website.[\/vc_column_text][vc_btn title=&#8221;Bereken hier je tarief&#8221; color=&#8221;warning&#8221; size=&#8221;lg&#8221; i_icon_fontawesome=&#8221;fa fa-credit-card&#8221; add_icon=&#8221;true&#8221; link=&#8221;url:https%3A%2F%2Fwww.greenchoice.nl%2Fmorgengroeneenergie%2F||target:%20_blank|&#8221;][\/vc_column][\/vc_row][vc_row][vc_column][webdevia_empty_spaces_empty_spaces height_desktop=&#8221;50&#8243; height_mobile=&#8221;10&#8243; height_tablet=&#8221;20&#8243;][\/vc_column][\/vc_row][vc_row][vc_column width=&#8221;1\/2&#8243;][vc_single_image image=&#8221;2109&#8243; img_size=&#8221;full&#8221; css_animation=&#8221;bounceInDown&#8221;][\/vc_column][vc_column width=&#8221;1\/2&#8243;][vc_column_text]<\/p>\n<h4><span style=\"color: #ff9900;\"><strong>Zonnepark Hazenwinkel<\/strong><\/span><\/h4>\n<p>Sinds augustus 2024 leveren de bijna 30.000 zonnepanelen stroom van dit zonnepark in Mierlo. Iedereen in de wijde omgeving kan hieraan meedoen, als je wilt investeren in groene energie die in je eigen regio is opgewekt. Het verwachte rendement op je investering is 6,5%. Bij deelname word je lid van de Co\u00f6peratie MGE Gulbergen U.A.. waarmee je medezeggenschap krijgt over dit zonnepark de komende 25 jaar.[\/vc_column_text][vc_btn title=&#8221;Doe mee&#8221; color=&#8221;warning&#8221; size=&#8221;lg&#8221; i_icon_fontawesome=&#8221;fa fa-plus&#8221; add_icon=&#8221;true&#8221; link=&#8221;url:https%3A%2F%2Fwww.morgengroeneenergie.nl%2Findex.php%2Fzonnepark-hazenwinkel%2F|title:Zonnepark%20Hazenwinkel||&#8221;][vc_column_text]<\/p>\n<h4><span style=\"color: #ff9900;\"><strong>Zonnedaken<\/strong><\/span><\/h4>\n<p>Wil je investeren in lokaal opgewekte groene energie? Heb je een huishouden of een bedrijf met een zogenaamde kleinverbruikersaansluiting (3 x 80A) dan kan je deelnemen aan een van onze zonneparken in jouw buurt.[\/vc_column_text][vc_btn title=&#8221;Zo werkt het&#8221; color=&#8221;warning&#8221; size=&#8221;lg&#8221; i_icon_fontawesome=&#8221;fa fa-plus&#8221; add_icon=&#8221;true&#8221; link=&#8221;url:http%3A%2F%2F59575142.swh.strato-hosting.eu%2Findex.php%2Fzonneparken%2F|||&#8221;][\/vc_column][\/vc_row][vc_row][vc_column][webdevia_empty_spaces_empty_spaces height_desktop=&#8221;50&#8243; height_mobile=&#8221;10&#8243; height_tablet=&#8221;20&#8243;][\/vc_column][\/vc_row][vc_row][vc_column width=&#8221;1\/2&#8243;][vc_single_image image=&#8221;580&#8243; img_size=&#8221;full&#8221; css_animation=&#8221;bounceInDown&#8221;][\/vc_column][vc_column width=&#8221;1\/2&#8243;][vc_column_text]<\/p>\n<h4><span style=\"color: #ff9900;\"><strong>Windenergie en meer<\/strong><\/span><\/h4>\n<p>De ontwikkeling van een windmolen voor collectief gebruik vergt een heel andere benadering, dan de installatie van een zonnepark op een dak. Denk alleen al aan de omgevingsvergunning die gevraagd wordt bij het plaatsen van een windmolen. Morgen Groene Energie heeft op dit moment daarom zelf geen plannen hiervoor, maar wil graag samenwerken met collega-co\u00f6peraties en gemeenten die dat wel willen doen.<\/p>\n<p>De opslag van energie is een noodzaak om wind- en zonne-energie effici\u00ebnt te kunnen gebruiken. Ook alternatieven voor warmtegebruik en -winning hebben onze aandacht. Morgen Groene Energie springt hierop in zodra de mogelijkheden hiervoor collectief kansen bieden. Wil jij je hierin verdiepen? Denk met ons mee en bel of <a href=\"mailto:info@morgengroeneenergie.nl\" target=\"_blank\" rel=\"noopener\">mail<\/a> ons.<\/p>\n<h5><span style=\"color: #ff9900;\">Nieuwe ontwikkelingen; wij doen mee!<\/span><\/h5>\n<p>Wij hebben sinds 2014 de MGE Projecten BV om daarin nieuwe en innovatieve projecten te ontwikkelen. Van daaruit hebben we onder meer geadviseerd bij de ontwikkeling van Zonnepark Welschap. We werken daarvoor graag samen met anderen. Heb je een idee of een vraag? Bel of <a href=\"mailto:info@morgengroeneenergie.nl\" target=\"_blank\" rel=\"noopener\">mail<\/a> ons.[\/vc_column_text][\/vc_column][\/vc_row][vc_row][vc_column][webdevia_empty_spaces_empty_spaces height_desktop=&#8221;50&#8243; height_mobile=&#8221;10&#8243; height_tablet=&#8221;20&#8243;][\/vc_column][\/vc_row][vc_row][vc_column width=&#8221;1\/2&#8243;][vc_single_image image=&#8221;1495&#8243; img_size=&#8221;full&#8221; css_animation=&#8221;bounceInDown&#8221;][\/vc_column][vc_column width=&#8221;1\/2&#8243;][vc_column_text]<\/p>\n<h4><span style=\"color: #ff9900;\"><strong>Duurzame mobiliteit<\/strong><\/span><\/h4>\n<p>Op verzoek van de onze leden verdiept Morgen Groene Energie zich in vormen van duurzame mobiliteit met een collectief karakter. Dan gaat het om bijvoorbeeld het delen van elektrische auto\u2019s en laadpalen. Of het delen van andere vormen van duurzaam vervoer en transport waaraan onze leden zouden kunnen deelnemen.<\/p>\n<p>Heeft mobiliteit je belangstelling? Denk met ons mee en bel of <a href=\"mailto:info@morgengroeneenergie.nl\" target=\"_blank\" rel=\"noopener\">mail<\/a> ons.[\/vc_column_text][\/vc_column][\/vc_row][vc_row][vc_column][webdevia_empty_spaces_empty_spaces height_desktop=&#8221;50&#8243; height_mobile=&#8221;10&#8243; height_tablet=&#8221;20&#8243;][\/vc_column][\/vc_row]<\/p>\n<\/div>","protected":false},"excerpt":{"rendered":"<p>[vc_row][vc_column][webdevia_empty_spaces_empty_spaces height_desktop=&#8221;50&#8243; height_mobile=&#8221;10&#8243; height_tablet=&#8221;20&#8243;][\/vc_column][\/vc_row][vc_row][vc_column width=&#8221;1\/6&#8243;][\/vc_column][vc_column width=&#8221;2\/3&#8243;][vc_column_text] Zonnestroom opwekken op een collectief dak in de eigen buurt en nieuwe projecten ontwikkelen voor alternatieve, duurzame energie. Kijk hier wat Morgen Groene Energie\u00a0 onderneemt en waar je aan mee kunt doen. [\/vc_column_text][\/vc_column][vc_column width=&#8221;1\/6&#8243;][\/vc_column][\/vc_row][vc_row][vc_column][webdevia_empty_spaces_empty_spaces height_desktop=&#8221;50&#8243; height_mobile=&#8221;10&#8243; height_tablet=&#8221;20&#8243;][\/vc_column][\/vc_row][vc_row][vc_column width=&#8221;1\/2&#8243;][vc_single_image image=&#8221;1638&#8243; img_size=&#8221;full&#8221; css_animation=&#8221;bounceInDown&#8221;][\/vc_column][vc_column width=&#8221;1\/2&#8243;][vc_column_text css=&#8221;&#8221;] Voordeel van groene leveranciers Samen voordeel [&hellip;]<\/p>\n","protected":false},"author":1,"featured_media":0,"parent":0,"menu_order":0,"comment_status":"closed","ping_status":"closed","template":"","meta":{"footnotes":""},"class_list":["post-12","page","type-page","status-publish","hentry"],"_links":{"self":[{"href":"https:\/\/www.morgengroeneenergie.nl\/index.php\/wp-json\/wp\/v2\/pages\/12","targetHints":{"allow":["GET"]}}],"collection":[{"href":"https:\/\/www.morgengroeneenergie.nl\/index.php\/wp-json\/wp\/v2\/pages"}],"about":[{"href":"https:\/\/www.morgengroeneenergie.nl\/index.php\/wp-json\/wp\/v2\/types\/page"}],"author":[{"embeddable":true,"href":"https:\/\/www.morgengroeneenergie.nl\/index.php\/wp-json\/wp\/v2\/users\/1"}],"replies":[{"embeddable":true,"href":"https:\/\/www.morgengroeneenergie.nl\/index.php\/wp-json\/wp\/v2\/comments?post=12"}],"version-history":[{"count":106,"href":"https:\/\/www.morgengroeneenergie.nl\/index.php\/wp-json\/wp\/v2\/pages\/12\/revisions"}],"predecessor-version":[{"id":2128,"href":"https:\/\/www.morgengroeneenergie.nl\/index.php\/wp-json\/wp\/v2\/pages\/12\/revisions\/2128"}],"wp:attachment":[{"href":"https:\/\/www.morgengroeneenergie.nl\/index.php\/wp-json\/wp\/v2\/media?parent=12"}],"curies":[{"name":"wp","href":"https:\/\/api.w.org\/{rel}","templated":true}]}}