{"id":18,"date":"2018-10-30T05:41:46","date_gmt":"2018-10-30T05:41:46","guid":{"rendered":"http:\/\/59575142.swh.strato-hosting.eu\/?page_id=18"},"modified":"2023-06-27T08:55:05","modified_gmt":"2023-06-27T08:55:05","slug":"over-ons","status":"publish","type":"page","link":"https:\/\/www.morgengroeneenergie.nl\/index.php\/over-ons\/","title":{"rendered":"Over ons"},"content":{"rendered":"<div class=\"wpb-content-wrapper\"><p>[vc_row][vc_column][webdevia_empty_spaces_empty_spaces height_mobile=&#8221;10&#8243; height_tablet=&#8221;20&#8243; height_desktop=&#8221;50&#8243;][\/vc_column][\/vc_row][vc_row][vc_column width=&#8221;1\/6&#8243;][\/vc_column][vc_column width=&#8221;2\/3&#8243;][vc_column_text]<\/p>\n<h5 style=\"text-align: center;\"><span style=\"color: #003366;\">Morgen Groene Energie is een co\u00f6peratie die de belangen van haar leden behartigt zonder winstoogmerk. Vanuit onze basis in\u00a0 Nuenen, Helmond en Geldrop-Mierlo werken we samen met iedereen die staat voor duurzame energie. Lees verder hoe onze organisatie in elkaar zit, hoe we het officieel geregeld hebben en wat we tot nu toe hebben gedaan.<\/span><\/h5>\n<p>[\/vc_column_text][\/vc_column][vc_column width=&#8221;1\/6&#8243;][\/vc_column][\/vc_row][vc_row][vc_column][webdevia_empty_spaces_empty_spaces height_mobile=&#8221;10&#8243; height_tablet=&#8221;20&#8243; height_desktop=&#8221;50&#8243;][\/vc_column][\/vc_row][vc_row][vc_column width=&#8221;1\/2&#8243;][vc_single_image image=&#8221;2006&#8243; img_size=&#8221;full&#8221; css_animation=&#8221;bounceInDown&#8221;][\/vc_column][vc_column width=&#8221;1\/2&#8243;][vc_column_text]<\/p>\n<h4><span style=\"color: #ff9900;\">Dit willen wij<\/span><\/h4>\n<p>Co\u00f6peratie Morgen Groene Energie wil zorgen dat de energie die haar leden nodig hebben in onze eigen omgeving wordt opgewekt uit schone, onuitputtelijke bronnen. Wij willen dat zij zoveel mogelijk eigenaar zijn van deze energiebronnen. Op weg naar 2030 streven wij ernaar dat 50% van de totale duurzame energie-opwek op land in Zuidoost Brabant eigendom is van lokale particulieren en kleine bedrijven. Daartoe werken we met zoveel mogelijk partijen samen.<\/p>\n<h4><span style=\"color: #ff9900;\">Zo doen we dat<\/span><\/h4>\n<p>Morgen Groene Energie behartigt de belangen van haar leden zonder winstoogmerk. Het bestuur bestaat uit vrijwilligers. We hebben onze basis in\u00a0 Nuenen, Helmond en Geldrop-Mierlo. Daarnaast \u00a0helpen we onze leden te investeren in lokaal opgewekte groene energie. Voor zonneparken in Eindhoven werken we nauw samen met de Vereniging 040 energie. We werken mee aan innovatieve projecten. In de BV Morgen Groene Energie Projecten, 100% dochter van de co\u00f6peratie, worden nieuwe projecten ontwikkeld. Wij werken waar mogelijk samen met andere energieco\u00f6peraties in de regio en met soortgelijke initiatieven, zowel lokaal als landelijk.[\/vc_column_text][\/vc_column][\/vc_row][vc_row][vc_column][webdevia_empty_spaces_empty_spaces height_mobile=&#8221;10&#8243; height_tablet=&#8221;20&#8243; height_desktop=&#8221;50&#8243;][\/vc_column][\/vc_row][vc_row][vc_column width=&#8221;1\/2&#8243;][vc_single_image image=&#8221;1843&#8243; img_size=&#8221;full&#8221; css_animation=&#8221;bounceInDown&#8221;][\/vc_column][vc_column width=&#8221;1\/2&#8243;][vc_column_text]<\/p>\n<h4><span style=\"color: #ff9900;\">Dit zijn wij<\/span><\/h4>\n<h5><span style=\"color: #ff9900;\">Co\u00f6peratie en Projecten BV<\/span><\/h5>\n<p>Morgen Groene Energie U.A is een co\u00f6peratie. De leden van een co\u00f6peratie zijn niet alleen gezamenlijk eigenaar, maar hebben het via de Algemene Leden Vergadering (ALV) ook voor het zeggen. De letters U.A. zijn de afkorting van Uitgesloten Aansprakelijkheid, wat wil zeggen dat er op de leden geen verhaalsrecht mogelijk is.<\/p>\n<p>Voor de professionele ondersteuning is sinds eind 2022 de administratie van de leden en onze\u00a0 zonneparken uitbesteed aan ZonMonitor.[\/vc_column_text][vc_btn title=&#8221;Lees meer&#8221; color=&#8221;warning&#8221; size=&#8221;lg&#8221; i_icon_fontawesome=&#8221;fa fa-plus&#8221; add_icon=&#8221;true&#8221; link=&#8221;url:http%3A%2F%2F59575142.swh.strato-hosting.eu%2Findex.php%2Fdit-zijn-wij%2F|||&#8221;][\/vc_column][\/vc_row][vc_row][vc_column][webdevia_empty_spaces_empty_spaces height_mobile=&#8221;10&#8243; height_tablet=&#8221;20&#8243; height_desktop=&#8221;50&#8243;][\/vc_column][\/vc_row][vc_row css=&#8221;.vc_custom_1544731283088{background-color: #81d742 !important;}&#8221;][vc_column][vc_column_text]<\/p>\n<h5><span style=\"color: #ffffff;\">Projecten<\/span><\/h5>\n<p><span style=\"color: #ffffff;\">Sinds 2011 voeren wij projecten uit om lokaal energie op te wekken. Eerst met succesvolle acties waarin bewoners werden geholpen zonnepanelen op hun huizen te leggen. In de jaren erna ontwikkelden wij collectieve zonneparken: twee in Nuenen (Eeneind-1 en Spegelt 29-31) \u00e9\u00e9n in Eindhoven (samen met 040energie: Doornakkersweg 10-14) en \u00e9\u00e9n in Geldrop (Sporthal De Coevering). We werkten mee aan het eerste collectieve zonnepark Ouverture in Eindhoven en met het grootste in onze regio, Zonnepark Welschap.<\/span>[\/vc_column_text][\/vc_column][\/vc_row][vc_row][vc_column width=&#8221;1\/2&#8243;][vc_single_image image=&#8221;1405&#8243; img_size=&#8221;full&#8221; css_animation=&#8221;bounceInDown&#8221;][\/vc_column][vc_column width=&#8221;1\/2&#8243;][vc_column_text]<\/p>\n<h5><span style=\"color: #ff9900;\"><strong>\u00a0<\/strong><strong>Zonnepanelen in Helmond en Nuenen<\/strong><\/span><\/h5>\n<p>In 2013 werden in Helmond bij 48 woningen in de wijken Stiphout en Brandevoort panelen gelegd die in totaal elk jaar 125.000 kWh stroom opwekken. In Nuenen werden bij 87 woningen panelen ge\u00efnstalleerd die samen elk jaar goed zijn voor 222.000 kWh zonnestroom. Tegelijk kreeg het dak van de Wilhelminaschool in Helmond\u00a0 82 panelen (17.000 kWh per jaar) en het gebouw van de Nuenense speeltuin De Kievit 24 panelen, waarmee de laatste geheel in zijn stroomvoorziening van 5100 kWh per jaar kan voorzien. Inmiddels zijn er voldoende goede installateurs op de markt en kunnen bewoners bij het Energiehuis Slim Wonen het juiste advies inwinnen.[\/vc_column_text][\/vc_column][\/vc_row][vc_row][vc_column][webdevia_empty_spaces_empty_spaces height_mobile=&#8221;10&#8243; height_tablet=&#8221;20&#8243; height_desktop=&#8221;50&#8243;][\/vc_column][\/vc_row][vc_row][vc_column width=&#8221;1\/2&#8243;][vc_single_image image=&#8221;1695&#8243; img_size=&#8221;full&#8221; css_animation=&#8221;bounceInDown&#8221;][\/vc_column][vc_column width=&#8221;1\/2&#8243;][vc_column_text]<\/p>\n<h5><span style=\"color: #ff9900;\">Zonnepark Ouverture<\/span><\/h5>\n<p>Morgen Groene Energie liep in 2014, samen met de gemeente Eindhoven, voorop met de opening van het eerste collectieve zonnepark in Nederland in eigendom van omwonenden: Ouverture in de Eindhovense wijk Blixembosch. Op het dak van het wijkcentrum Blixems liggen 228 panelen met een jaarlijkse opbrengst van 52440 kWh.\u00a0Het zonnepark is eigendom van de Co\u00f6peratie Zonnepark Ouverture.[\/vc_column_text][\/vc_column][\/vc_row][vc_row][vc_column][webdevia_empty_spaces_empty_spaces height_mobile=&#8221;10&#8243; height_tablet=&#8221;20&#8243; height_desktop=&#8221;50&#8243;][\/vc_column][\/vc_row][vc_row][vc_column width=&#8221;1\/2&#8243;][vc_single_image image=&#8221;1735&#8243; img_size=&#8221;full&#8221; css_animation=&#8221;bounceInDown&#8221;][\/vc_column][vc_column width=&#8221;1\/2&#8243;][vc_column_text]<\/p>\n<h5><span style=\"color: #ff9900;\">Zonnepark Welschap <\/span><\/h5>\n<p>In 2017 werd Morgen Groene Energie benaderd om mee te denken over de realisatie\u00a0 van een zonnestroominstallatie op het terrein van het voormalig zweefvliegveld in Eindhoven, eigendom van het Ministerie van Defensie. Deze installatie moest ten goede komen aan de omwonenden. Na een intensief traject waaraan Morgen Groene Energie actief deelnam, is in 2019 dit enorme postcoderoosproject met ruim 11.000 zonnepanelen gerealiseerd. Omdat het park niet in ons werkgebied ligt, zijn in de nieuw opgerichte Co\u00f6peratie Zonnepark Welschap U.A. alleen collega-energieco\u00f6peraties vertegenwoordigd. Zie <a href=\"http:\/\/59575142.swh.strato-hosting.eu\/index.php\/meer-duurzaamheid\/\">Samenwerken in de regio<\/a>[\/vc_column_text][\/vc_column][\/vc_row][vc_row][vc_column][webdevia_empty_spaces_empty_spaces height_mobile=&#8221;10&#8243; height_tablet=&#8221;20&#8243; height_desktop=&#8221;50&#8243;][\/vc_column][\/vc_row][vc_row css=&#8221;.vc_custom_1544815711654{background-color: #81d742 !important;}&#8221;][vc_column][vc_column_text]<\/p>\n<h5><span style=\"color: #ffffff;\">Samenwerking en advies<\/span><\/h5>\n<p><span style=\"color: #ffffff;\">Naast onze activiteiten zijn leden actief in overlegorganen in Nuenen, Helmond en Geldrop-Mierlo en nemen zij desgewenst deel aan incidentele gesprekken over duurzaamheid.<\/span>[\/vc_column_text][\/vc_column][\/vc_row][vc_row][vc_column width=&#8221;1\/2&#8243;][vc_single_image image=&#8221;1699&#8243; img_size=&#8221;full&#8221;][\/vc_column][vc_column width=&#8221;1\/2&#8243;][vc_column_text]<\/p>\n<h5><span style=\"color: #ff9900;\"><strong>&#8220;Alle lichten op groen&#8221; in Helmond\u00a0<\/strong><\/span><\/h5>\n<p>Helmondse leden van Morgen Groene Energie waren betrokken bij de conferentie \u201cVersnellingsagenda Duurzaamheid\u201c van de gemeente Helmond in juni 2015. Drie dagen lang namen zo\u2019n 125 mensen deel vanuit vele Helmondse organisaties en geledingen onder de noemer: hoe kunnen we een CO2-neutrale regio zo snel mogelijk realiseren. Het eindresultaat:\u00a0 meerdere projecten op gebied van duurzame energie en mobiliteit, een gezonde leefomgeving en gebouwde omgeving (nul op de meter woningen), aardwarmte, enzovoorts.<\/p>\n<p>Dat leidde tot\u00a0 de oprichting van het Energiehuis Helmond en de informatieve website Alle lichten op groen.\u00a0\u00a0<a href=\"http:\/\/www.allelichtenopgroen.nl\" target=\"_blank\" rel=\"noopener\">www.allelichtenopgroen.nl <\/a><a href=\"http:\/\/www.energiehuishelmond.nl\/\" target=\"_blank\" rel=\"noopener\">www.energiehuishelmond.nl<\/a><\/p>\n<p>Het Energiehuis speelt in toenemende mate een rol als voorziening voor iedereen die geholpen wil worden bij besparing en isolatie, bij opwek van duurzame energie. In het Energiehuis is het energieloket Energiehuis Slim Wonen gevestigd. Zie Meer duurzaamheid.[\/vc_column_text][\/vc_column][\/vc_row][vc_row][vc_column][webdevia_empty_spaces_empty_spaces height_mobile=&#8221;10&#8243; height_tablet=&#8221;20&#8243; height_desktop=&#8221;50&#8243;][\/vc_column][\/vc_row][vc_row][vc_column width=&#8221;1\/2&#8243;][vc_single_image image=&#8221;1739&#8243; img_size=&#8221;full&#8221;][\/vc_column][vc_column width=&#8221;1\/2&#8243;][vc_column_text]<\/p>\n<h5><span style=\"color: #ff9900;\">Platform Duurzaam Geldrop-Mierlo <\/span><\/h5>\n<p>In Geldrop-Mierlo doet Morgen Groene Energie mee met het Platform Duurzaam Geldrop-Mierlo, dat onder meer in oktober 2017 de D100 Burgertop organiseerde. In samenspraak met 100 burgers werden vele praktische idee\u00ebn besproken en uitgewerkt. Ook heeft deze afdeling in 2015 enkele zogenaamde Energiecaf\u00e9s georganiseerd waarin betrokken burgers in gesprek konden gaan met onder meer de gemeente, Morgen Groene Energie en bedrijven die werkzaam zijn voor zonnepanelen en voor energiebesparing.<\/p>\n<h5><span style=\"color: #ff9900;\">Slim Wonen Plus\/ Energieloket\u00a0<\/span><\/h5>\n<p><span style=\"color: #808080;\">Morgen Groene Energie levert de voorzitter en de penningmeester voor de co\u00f6peratie Slim Wonen Plus, die de weg heeft bereid voor het digitale Energieloket Zuidoost-Brabant. Dit loket gaat sinds 1 april 2021 verder als Energiehuis Slim Wonen. Kijk bij <a style=\"color: #808080;\" href=\"http:\/\/59575142.swh.strato-hosting.eu\/index.php\/meer-duurzaamheid\/\">Wat je zelf kunt doen<\/a>\u00a0<\/span>[\/vc_column_text][\/vc_column][\/vc_row][vc_row][vc_column][webdevia_empty_spaces_empty_spaces height_mobile=&#8221;10&#8243; height_tablet=&#8221;20&#8243; height_desktop=&#8221;50&#8243;][\/vc_column][\/vc_row][vc_row][vc_column width=&#8221;1\/2&#8243;][vc_single_image image=&#8221;760&#8243; img_size=&#8221;full&#8221; css_animation=&#8221;bounceInDown&#8221;][\/vc_column][vc_column width=&#8221;1\/2&#8243;][vc_column_text]<\/p>\n<h4><span style=\"color: #ff9900;\"><strong>Onze partners <\/strong><\/span><\/h4>\n<h5><span style=\"color: #99cc00;\">ZonMonitor<\/span><\/h5>\n<p>Sinds eind 2022 besteedt Morgen Groene Energie haar administratie voor de zonneparken uit aan ZonMonitor, omdat daarmee meer professionaliteit en continu\u00efteit in deze administraties is gewaarborgd. Ook staan onze leden daar geregistreerd, evenals de wachtlijsten voor toekomstige zonneparken.<\/p>\n<p>Daarnaast monitort deze organisatie de installaties van onze 3 zonneparken. Daardoor kan Morgen Groene Energie als eigenaar van de parken dagelijks de stroomopbrengst zien, evenals storingen. De maandelijkse opbrengst geeft ZonMonitor weer op onze website. Zie Zonneparken. De deelnemers aan de parken kunnen in hun eigen account hun dagelijkse opbrengst zien. www.zonmonitor.nl<\/p>\n<h5><span style=\"color: #99cc00;\">Energie Samen <\/span><\/h5>\n<p>Eind 2018 is \u201cEnergie Samen\u201d opgericht door ODE Decentraal, REScoopNL met ZoNL, PAWEX, Hoom en\u00a0 Econobis. Deze organisaties zijn inmiddels gefuseerd met Energie Samen, waarmee \u00e9\u00e9n landelijke brancheorganisatie voor alle duurzame energieco\u00f6peraties en burgerinitiatieven actief is. Morgen Groene Energie is lid van deze belangenco\u00f6peratie.\u00a0 <a href=\"http:\/\/www.energiesamen.nu\">www.energiesamen.nu<\/a>[\/vc_column_text][\/vc_column][\/vc_row][vc_row][vc_column][webdevia_empty_spaces_empty_spaces height_mobile=&#8221;10&#8243; height_tablet=&#8221;20&#8243; height_desktop=&#8221;50&#8243;][\/vc_column][\/vc_row]<\/p>\n<\/div>","protected":false},"excerpt":{"rendered":"<p>[vc_row][vc_column][webdevia_empty_spaces_empty_spaces height_mobile=&#8221;10&#8243; height_tablet=&#8221;20&#8243; height_desktop=&#8221;50&#8243;][\/vc_column][\/vc_row][vc_row][vc_column width=&#8221;1\/6&#8243;][\/vc_column][vc_column width=&#8221;2\/3&#8243;][vc_column_text] Morgen Groene Energie is een co\u00f6peratie die de belangen van haar leden behartigt zonder winstoogmerk. Vanuit onze basis in\u00a0 Nuenen, Helmond en Geldrop-Mierlo werken we samen met iedereen die staat voor duurzame energie. Lees verder hoe onze organisatie in elkaar zit, hoe we het officieel geregeld hebben en wat [&hellip;]<\/p>\n","protected":false},"author":1,"featured_media":0,"parent":0,"menu_order":0,"comment_status":"closed","ping_status":"closed","template":"","meta":{"footnotes":""},"class_list":["post-18","page","type-page","status-publish","hentry"],"_links":{"self":[{"href":"https:\/\/www.morgengroeneenergie.nl\/index.php\/wp-json\/wp\/v2\/pages\/18","targetHints":{"allow":["GET"]}}],"collection":[{"href":"https:\/\/www.morgengroeneenergie.nl\/index.php\/wp-json\/wp\/v2\/pages"}],"about":[{"href":"https:\/\/www.morgengroeneenergie.nl\/index.php\/wp-json\/wp\/v2\/types\/page"}],"author":[{"embeddable":true,"href":"https:\/\/www.morgengroeneenergie.nl\/index.php\/wp-json\/wp\/v2\/users\/1"}],"replies":[{"embeddable":true,"href":"https:\/\/www.morgengroeneenergie.nl\/index.php\/wp-json\/wp\/v2\/comments?post=18"}],"version-history":[{"count":83,"href":"https:\/\/www.morgengroeneenergie.nl\/index.php\/wp-json\/wp\/v2\/pages\/18\/revisions"}],"predecessor-version":[{"id":2016,"href":"https:\/\/www.morgengroeneenergie.nl\/index.php\/wp-json\/wp\/v2\/pages\/18\/revisions\/2016"}],"wp:attachment":[{"href":"https:\/\/www.morgengroeneenergie.nl\/index.php\/wp-json\/wp\/v2\/media?parent=18"}],"curies":[{"name":"wp","href":"https:\/\/api.w.org\/{rel}","templated":true}]}}