{"id":42,"date":"2018-10-30T19:50:52","date_gmt":"2018-10-30T19:50:52","guid":{"rendered":"http:\/\/59575142.swh.strato-hosting.eu\/?page_id=42"},"modified":"2025-12-13T10:01:49","modified_gmt":"2025-12-13T10:01:49","slug":"dit-zijn-wij","status":"publish","type":"page","link":"https:\/\/www.morgengroeneenergie.nl\/index.php\/dit-zijn-wij\/","title":{"rendered":"Dit zijn wij"},"content":{"rendered":"<div class=\"wpb-content-wrapper\"><p>[vc_row][vc_column][webdevia_empty_spaces_empty_spaces height_mobile=&#8221;10&#8243; height_tablet=&#8221;20&#8243; height_desktop=&#8221;50&#8243;][\/vc_column][\/vc_row][vc_row][vc_column width=&#8221;1\/2&#8243;][vc_single_image image=&#8221;1559&#8243; img_size=&#8221;full&#8221;][\/vc_column][vc_column width=&#8221;1\/2&#8243;][vc_column_text]<\/p>\n<h4><span style=\"color: #ff9900;\">Actief sinds 2011<\/span><\/h4>\n<p>Energieco\u00f6peratie Morgen Groene Energie U.A. (MGE) is in 2011 in Nuenen opgericht. Later werd zij ook actief in Helmond en Geldrop-Mierlo. In de eerste jaren werden vooral bewoners geholpen bij de aanschaf van zonnepanelen op hun eigen dak. In 2014 werd het mogelijk om ook collectieve zonneparken te ontwikkelen, de zogenaamde postcoderoosprojecten. MGE was in 2014 actief betrokken bij de realisering van het eerste project in Nederland: Zonnepark Ouverture in Eindhoven. Om zelf deze zonneparken te ontwikkelen en beheren is vanuit MGE van 2015 tot juni 2019 een aparte co\u00f6peratie actief geweest: Co\u00f6peratieve Zonneparken Eeneind U.A.. Haar eerste zonnepark werd opgeleverd in 2016: Zonnepark Eeneind-1 in Nuenen. In juli 2018 volgde het tweede: Zonnepark Spegelt 29-31 ook in Nuenen. Sinds 4 juni 2019 zijn beide co\u00f6peraties ge\u00efntegreerd tot \u00e9\u00e9n vernieuwde Co\u00f6peratie Morgen Groene Energie U.A. met het doel om een slagvaardigere organisatie te hebben, waar eenvoudig nieuwe collectieve energie-opwekkingsinstallaties \u00a0ondergebracht kunnen worden. De vernieuwde co\u00f6peratie nam in 2019 het Eindhovense Zonnepark Doornakkersweg 10-14 in gebruik, dat samen met de Eindhovense vereniging 040 energie werd ontwikkeld. Begin 2023 is Zonnepark Sporthal De Coevering in Geldrop in bedrijf genomen.[\/vc_column_text][\/vc_column][\/vc_row][vc_row][vc_column][webdevia_empty_spaces_empty_spaces height_mobile=&#8221;10&#8243; height_tablet=&#8221;20&#8243; height_desktop=&#8221;50&#8243;][\/vc_column][\/vc_row][vc_row][vc_column width=&#8221;1\/2&#8243;][vc_single_image image=&#8221;2137&#8243; img_size=&#8221;full&#8221; css_animation=&#8221;bounceInDown&#8221; css=&#8221;&#8221;][\/vc_column][vc_column width=&#8221;1\/2&#8243;][vc_column_text css=&#8221;&#8221;]<\/p>\n<h4><span style=\"color: #ff9900;\">Vestigingsadres\u00a0<\/span><\/h4>\n<p>Per 1 januari 2026 vestigt de co\u00f6peratie met de MGE Projecten BV zich officieel\u00a0 in Wijkhuis Westwijzer in Helmond.<\/p>\n<p>Het adres is Wijkhuis Westwijzer, Cortenbachstraat 70, 5707 TJ Helmond<\/p>\n<h4><span style=\"color: #ff9900;\">MGE Projecten BV<\/span><\/h4>\n<p>In 2014 richtte de co\u00f6peratie een Projecten BV op om daarin nieuwe en innovatieve projecten te ontwikkelen. Van deze projecten is bij aanvang vaak niet bekend of ze kans van slagen hebben terwijl voor de verkennings- en ontwikkelingsfase al wel geld en inzet nodig is. Deze 100% dochter van MGE kan daarin voorzien, zonder dat de co\u00f6peratie daarmee direct belast wordt en maakt het mogelijk sneller in te springen op nieuwe ontwikkelingen. We werken daarvoor graag samen met anderen. Heb je een idee of een vraag? Bel of <a href=\"mailto:info@morgengroenenergie.nl\" target=\"_blank\" rel=\"noopener\">mail<\/a> ons.[\/vc_column_text][\/vc_column][\/vc_row][vc_row][vc_column][webdevia_empty_spaces_empty_spaces height_mobile=&#8221;10&#8243; height_tablet=&#8221;20&#8243; height_desktop=&#8221;50&#8243;][\/vc_column][\/vc_row][vc_row][vc_column width=&#8221;1\/2&#8243;][vc_single_image image=&#8221;1484&#8243; img_size=&#8221;full&#8221; css_animation=&#8221;bounceInDown&#8221;][\/vc_column][vc_column width=&#8221;1\/2&#8243;][vc_column_text css=&#8221;&#8221;]<\/p>\n<h4><span style=\"color: #ff9900;\">Organisatie<\/span><\/h4>\n<p><span style=\"font-weight: 400;\">Morgen Groene Energie is een co\u00f6peratie U.A. met een dochter: de MGE Projecten BV. Het bestuur bestaat uit vrijwilligers.\u00a0<\/span><\/p>\n<h5><span style=\"color: #ff9900;\">Bestuur Co\u00f6peratie Morgen Groene Energie U.A<\/span><\/h5>\n<p>Voorzitter\u00a0 \u00a0 \u00a0 \u00a0 \u00a0 \u00a0 \u00a0 \u00a0 \u00a0 \u00a0 \u00a0 Ad van den Brandt<span style=\"color: #ff9900;\"><em>\u00a0<\/em><\/span><br \/>\nPenningmeester\u00a0 \u00a0 \u00a0 \u00a0 \u00a0 \u00a0vacature<br \/>\nSecretaris\u00a0 \u00a0 \u00a0 \u00a0 \u00a0 \u00a0 \u00a0 \u00a0 \u00a0 \u00a0 \u00a0 \u00a0Harri\u00ebt Bernts<\/p>\n<h5>Directie Morgen Groene Energie Projecten BV<\/h5>\n<p>Andries Mulder, Peter Meijers en Barbara van der Ploeg[\/vc_column_text][\/vc_column][\/vc_row][vc_row][vc_column][webdevia_empty_spaces_empty_spaces height_mobile=&#8221;10&#8243; height_tablet=&#8221;20&#8243; height_desktop=&#8221;50&#8243;][\/vc_column][\/vc_row][vc_row][vc_column width=&#8221;1\/2&#8243;][vc_single_image image=&#8221;524&#8243; img_size=&#8221;full&#8221; css_animation=&#8221;bounceInDown&#8221;][\/vc_column][vc_column width=&#8221;1\/2&#8243;][vc_column_text css=&#8221;&#8221;]<\/p>\n<h4><span style=\"color: #ff9900;\">Hoe het is geregeld<\/span><\/h4>\n<p>We hebben Statuten vastgelegd voor onze co\u00f6peratie en vele zaken geregeld in een Huishoudelijk Reglement. Elk jaar brengen we Jaarverslagen uit over wat we gedaan hebben en maken we een Begroting voor onze plannen van het volgende jaar. Bekijk het hier allemaal.<\/p>\n<p>&nbsp;<\/p>\n<p><a href=\"https:\/\/www.morgengroeneenergie.nl\/wp-content\/uploads\/2021\/07\/Huishoudelijk-Reglement-MGE-juni-2021.pdf\">Huishoudelijk Reglement MGE juni 2021<\/a><\/p>\n<p><a href=\"https:\/\/www.morgengroeneenergie.nl\/wp-content\/uploads\/2019\/06\/Statuten-MGE-mei-2019-1.pdf\">Statuten MGE mei 2019<\/a><\/p>\n<p><a href=\"https:\/\/www.morgengroeneenergie.nl\/wp-content\/uploads\/2020\/10\/MGE-nieuw-Jaarverslag-2019.pdf\">MGE nieuw Jaarverslag 2019<\/a><\/p>\n<p>&nbsp;<\/p>\n<p><a href=\"https:\/\/www.morgengroeneenergie.nl\/wp-content\/uploads\/2023\/06\/MGE-Jaarverslag-2021.pdf\">MGE Jaarverslag 2021<\/a><\/p>\n<p><a href=\"https:\/\/www.morgengroeneenergie.nl\/wp-content\/uploads\/2023\/06\/MGE-Jaarverslag-2022.pdf\">MGE Jaarverslag 2022<\/a><\/p>\n<p><a href=\"https:\/\/www.morgengroeneenergie.nl\/wp-content\/uploads\/2025\/09\/MGE-Jaarverslag-2024.pdf\">MGE Jaarverslag 2024<\/a><\/p>\n<p><a href=\"https:\/\/www.morgengroeneenergie.nl\/wp-content\/uploads\/2025\/09\/Begroting-MGE-2025.pdf\">Begroting MGE 2025<\/a><\/p>\n<p><a href=\"https:\/\/www.morgengroeneenergie.nl\/wp-content\/uploads\/2025\/11\/MGE-Begroting-2026.pdf\">MGE Begroting 2026<\/a>[\/vc_column_text][\/vc_column][\/vc_row][vc_row][vc_column][webdevia_empty_spaces_empty_spaces height_mobile=&#8221;10&#8243; height_tablet=&#8221;20&#8243; height_desktop=&#8221;50&#8243;][\/vc_column][\/vc_row]<\/p>\n<\/div>","protected":false},"excerpt":{"rendered":"<p>[vc_row][vc_column][webdevia_empty_spaces_empty_spaces height_mobile=&#8221;10&#8243; height_tablet=&#8221;20&#8243; height_desktop=&#8221;50&#8243;][\/vc_column][\/vc_row][vc_row][vc_column width=&#8221;1\/2&#8243;][vc_single_image image=&#8221;1559&#8243; img_size=&#8221;full&#8221;][\/vc_column][vc_column width=&#8221;1\/2&#8243;][vc_column_text] Actief sinds 2011 Energieco\u00f6peratie Morgen Groene Energie U.A. (MGE) is in 2011 in Nuenen opgericht. Later werd zij ook actief in Helmond en Geldrop-Mierlo. In de eerste jaren werden vooral bewoners geholpen bij de aanschaf van zonnepanelen op hun eigen dak. In 2014 werd het mogelijk om [&hellip;]<\/p>\n","protected":false},"author":1,"featured_media":0,"parent":0,"menu_order":0,"comment_status":"closed","ping_status":"closed","template":"","meta":{"footnotes":""},"class_list":["post-42","page","type-page","status-publish","hentry"],"_links":{"self":[{"href":"https:\/\/www.morgengroeneenergie.nl\/index.php\/wp-json\/wp\/v2\/pages\/42","targetHints":{"allow":["GET"]}}],"collection":[{"href":"https:\/\/www.morgengroeneenergie.nl\/index.php\/wp-json\/wp\/v2\/pages"}],"about":[{"href":"https:\/\/www.morgengroeneenergie.nl\/index.php\/wp-json\/wp\/v2\/types\/page"}],"author":[{"embeddable":true,"href":"https:\/\/www.morgengroeneenergie.nl\/index.php\/wp-json\/wp\/v2\/users\/1"}],"replies":[{"embeddable":true,"href":"https:\/\/www.morgengroeneenergie.nl\/index.php\/wp-json\/wp\/v2\/comments?post=42"}],"version-history":[{"count":58,"href":"https:\/\/www.morgengroeneenergie.nl\/index.php\/wp-json\/wp\/v2\/pages\/42\/revisions"}],"predecessor-version":[{"id":2143,"href":"https:\/\/www.morgengroeneenergie.nl\/index.php\/wp-json\/wp\/v2\/pages\/42\/revisions\/2143"}],"wp:attachment":[{"href":"https:\/\/www.morgengroeneenergie.nl\/index.php\/wp-json\/wp\/v2\/media?parent=42"}],"curies":[{"name":"wp","href":"https:\/\/api.w.org\/{rel}","templated":true}]}}